{"id":561,"date":"2023-03-01T08:31:26","date_gmt":"2023-03-01T08:31:26","guid":{"rendered":"http:\/\/www.scwew.bydgoszcz.pl\/?page_id=561"},"modified":"2026-04-13T07:22:10","modified_gmt":"2026-04-13T07:22:10","slug":"kontakt","status":"publish","type":"page","link":"https:\/\/www.scwew.bydgoszcz.pl\/index.php\/kontakt\/","title":{"rendered":"Kontakt z SCWEW"},"content":{"rendered":"\t\t<div data-elementor-type=\"wp-page\" data-elementor-id=\"561\" class=\"elementor elementor-561\">\n\t\t\t\t\t\t\t\t\t<section class=\"elementor-section elementor-top-section elementor-element elementor-element-581d4b30 elementor-section-full_width elementor-section-stretched elementor-section-height-default elementor-section-height-default\" data-id=\"581d4b30\" data-element_type=\"section\" data-settings=\"{&quot;stretch_section&quot;:&quot;section-stretched&quot;,&quot;background_background&quot;:&quot;classic&quot;}\">\n\t\t\t\t\t\t<div class=\"elementor-container elementor-column-gap-default\">\n\t\t\t\t\t<div class=\"elementor-column elementor-col-100 elementor-top-column elementor-element elementor-element-76f00425\" data-id=\"76f00425\" data-element_type=\"column\">\n\t\t\t<div class=\"elementor-widget-wrap\">\n\t\t\t\t\t\t\t\t\t<\/div>\n\t\t<\/div>\n\t\t\t\t\t\t\t<\/div>\n\t\t<\/section>\n\t\t\t\t<section class=\"elementor-section elementor-top-section elementor-element elementor-element-4f3be0f3 elementor-section-boxed elementor-section-height-default elementor-section-height-default\" data-id=\"4f3be0f3\" data-element_type=\"section\">\n\t\t\t\t\t\t<div class=\"elementor-container elementor-column-gap-default\">\n\t\t\t\t\t<div class=\"elementor-column elementor-col-100 elementor-top-column elementor-element elementor-element-6b534c39\" data-id=\"6b534c39\" data-element_type=\"column\">\n\t\t\t<div class=\"elementor-widget-wrap elementor-element-populated\">\n\t\t\t\t\t\t\t\t<div class=\"elementor-element elementor-element-e8d2ca8 elementor-widget elementor-widget-spacer\" data-id=\"e8d2ca8\" data-element_type=\"widget\" data-widget_type=\"spacer.default\">\n\t\t\t\t<div class=\"elementor-widget-container\">\n\t\t\t<style>\/*! elementor - v3.11.2 - 22-02-2023 *\/\n.elementor-column .elementor-spacer-inner{height:var(--spacer-size)}.e-con{--container-widget-width:100%}.e-con-inner>.elementor-widget-spacer,.e-con>.elementor-widget-spacer{width:var(--container-widget-width,var(--spacer-size));--align-self:var(--container-widget-align-self,initial);--flex-shrink:0}.e-con-inner>.elementor-widget-spacer>.elementor-widget-container,.e-con-inner>.elementor-widget-spacer>.elementor-widget-container>.elementor-spacer,.e-con>.elementor-widget-spacer>.elementor-widget-container,.e-con>.elementor-widget-spacer>.elementor-widget-container>.elementor-spacer{height:100%}.e-con-inner>.elementor-widget-spacer>.elementor-widget-container>.elementor-spacer>.elementor-spacer-inner,.e-con>.elementor-widget-spacer>.elementor-widget-container>.elementor-spacer>.elementor-spacer-inner{height:var(--container-widget-height,var(--spacer-size))}<\/style>\t\t<div class=\"elementor-spacer\">\n\t\t\t<div class=\"elementor-spacer-inner\"><\/div>\n\t\t<\/div>\n\t\t\t\t<\/div>\n\t\t\t\t<\/div>\n\t\t\t\t<div class=\"elementor-element elementor-element-55a7a06f elementor-widget elementor-widget-image\" data-id=\"55a7a06f\" data-element_type=\"widget\" data-widget_type=\"image.default\">\n\t\t\t\t<div class=\"elementor-widget-container\">\n\t\t\t<style>\/*! elementor - v3.11.2 - 22-02-2023 *\/\n.elementor-widget-image{text-align:center}.elementor-widget-image a{display:inline-block}.elementor-widget-image a img[src$=\".svg\"]{width:48px}.elementor-widget-image img{vertical-align:middle;display:inline-block}<\/style>\t\t\t\t\t\t\t\t\t\t\t\t<img decoding=\"async\" width=\"1921\" height=\"600\" src=\"https:\/\/www.scwew.bydgoszcz.pl\/wp-content\/uploads\/2023\/02\/baner1-e1677659833120.jpg\" class=\"attachment-full size-full wp-image-39\" alt=\"\" loading=\"lazy\" srcset=\"https:\/\/www.scwew.bydgoszcz.pl\/wp-content\/uploads\/2023\/02\/baner1-e1677659833120.jpg 1921w, https:\/\/www.scwew.bydgoszcz.pl\/wp-content\/uploads\/2023\/02\/baner1-e1677659833120-300x94.jpg 300w, https:\/\/www.scwew.bydgoszcz.pl\/wp-content\/uploads\/2023\/02\/baner1-e1677659833120-1024x320.jpg 1024w, https:\/\/www.scwew.bydgoszcz.pl\/wp-content\/uploads\/2023\/02\/baner1-e1677659833120-768x240.jpg 768w, https:\/\/www.scwew.bydgoszcz.pl\/wp-content\/uploads\/2023\/02\/baner1-e1677659833120-1536x480.jpg 1536w\" sizes=\"(max-width: 1921px) 100vw, 1921px\" \/>\t\t\t\t\t\t\t\t\t\t\t\t\t\t\t<\/div>\n\t\t\t\t<\/div>\n\t\t\t\t<div class=\"elementor-element elementor-element-5d517c84 elementor-widget elementor-widget-heading\" data-id=\"5d517c84\" data-element_type=\"widget\" data-widget_type=\"heading.default\">\n\t\t\t\t<div class=\"elementor-widget-container\">\n\t\t\t<style>\/*! elementor - v3.11.2 - 22-02-2023 *\/\n.elementor-heading-title{padding:0;margin:0;line-height:1}.elementor-widget-heading .elementor-heading-title[class*=elementor-size-]>a{color:inherit;font-size:inherit;line-height:inherit}.elementor-widget-heading .elementor-heading-title.elementor-size-small{font-size:15px}.elementor-widget-heading .elementor-heading-title.elementor-size-medium{font-size:19px}.elementor-widget-heading .elementor-heading-title.elementor-size-large{font-size:29px}.elementor-widget-heading .elementor-heading-title.elementor-size-xl{font-size:39px}.elementor-widget-heading .elementor-heading-title.elementor-size-xxl{font-size:59px}<\/style><h2 class=\"elementor-heading-title elementor-size-default\">Kontakt z SCWEW Bydgoszcz:<\/h2>\t\t<\/div>\n\t\t\t\t<\/div>\n\t\t\t\t<section class=\"elementor-section elementor-inner-section elementor-element elementor-element-d78547c elementor-section-boxed elementor-section-height-default elementor-section-height-default\" data-id=\"d78547c\" data-element_type=\"section\">\n\t\t\t\t\t\t<div class=\"elementor-container elementor-column-gap-default\">\n\t\t\t\t\t<div class=\"elementor-column elementor-col-50 elementor-inner-column elementor-element elementor-element-5d614db\" data-id=\"5d614db\" data-element_type=\"column\">\n\t\t\t<div class=\"elementor-widget-wrap elementor-element-populated\">\n\t\t\t\t\t\t\t\t<div class=\"elementor-element elementor-element-256cead elementor-widget elementor-widget-heading\" data-id=\"256cead\" data-element_type=\"widget\" data-widget_type=\"heading.default\">\n\t\t\t\t<div class=\"elementor-widget-container\">\n\t\t\t<h4 class=\"elementor-heading-title elementor-size-default\">Dane kontaktowe:<\/h4>\t\t<\/div>\n\t\t\t\t<\/div>\n\t\t\t\t<div class=\"elementor-element elementor-element-9a1060c elementor-widget elementor-widget-text-editor\" data-id=\"9a1060c\" data-element_type=\"widget\" data-widget_type=\"text-editor.default\">\n\t\t\t\t<div class=\"elementor-widget-container\">\n\t\t\t<style>\/*! elementor - v3.11.2 - 22-02-2023 *\/\n.elementor-widget-text-editor.elementor-drop-cap-view-stacked .elementor-drop-cap{background-color:#818a91;color:#fff}.elementor-widget-text-editor.elementor-drop-cap-view-framed .elementor-drop-cap{color:#818a91;border:3px solid;background-color:transparent}.elementor-widget-text-editor:not(.elementor-drop-cap-view-default) .elementor-drop-cap{margin-top:8px}.elementor-widget-text-editor:not(.elementor-drop-cap-view-default) .elementor-drop-cap-letter{width:1em;height:1em}.elementor-widget-text-editor .elementor-drop-cap{float:left;text-align:center;line-height:1;font-size:50px}.elementor-widget-text-editor .elementor-drop-cap-letter{display:inline-block}<\/style>\t\t\t\t<p><strong><em>Aleksandra Kotecka<\/em><\/strong><span data-contrast=\"auto\"> \u2013 lider zespo\u0142u<\/span><span data-ccp-props=\"{&quot;201341983&quot;:0,&quot;335551550&quot;:2,&quot;335551620&quot;:2,&quot;335559739&quot;:0,&quot;335559740&quot;:240}\"> (a.kotecka@sosw3.bydgoszcz.pl)\u00a0<\/span><\/p><p><span data-contrast=\"auto\"><em><strong>Jolanta Wierzbi\u0144ska<\/strong><\/em> \u2013 ekspert ds. edukacji w\u0142\u0105czaj\u0105cej<\/span> <span data-ccp-props=\"{&quot;201341983&quot;:0,&quot;335551550&quot;:2,&quot;335551620&quot;:2,&quot;335559739&quot;:0,&quot;335559740&quot;:240}\">(j.wierzbinska@sosw3.bydgoszcz.pl)<\/span><\/p><p><span data-contrast=\"auto\"><strong><em>Anna Bonis\u0142awska<\/em><\/strong> \u2013 specjalista ds. edukacji w\u0142\u0105czaj\u0105cej<\/span> <span data-ccp-props=\"{&quot;201341983&quot;:0,&quot;335551550&quot;:2,&quot;335551620&quot;:2,&quot;335559739&quot;:0,&quot;335559740&quot;:240}\">(a.bonislawska@sosw3.bydgoszcz.pl)<\/span><\/p><p><span data-contrast=\"auto\"><em><strong>Krzysztof Nowaczyk<\/strong><\/em> \u2013 ekspert ds. informacji i ewaluacji<\/span><span data-ccp-props=\"{&quot;201341983&quot;:0,&quot;335551550&quot;:2,&quot;335551620&quot;:2,&quot;335559739&quot;:0,&quot;335559740&quot;:240}\"> (k.nowaczyk@sosw3.bydgoszcz.pl)<\/span><\/p><p><span data-contrast=\"auto\"><em><strong>Dorota Firmowska<\/strong><\/em> \u2013 ekspert ds. technologii wspomagaj\u0105cych<\/span><span data-ccp-props=\"{&quot;201341983&quot;:0,&quot;335551550&quot;:2,&quot;335551620&quot;:2,&quot;335559739&quot;:0,&quot;335559740&quot;:240}\">\u00a0<\/span><span data-ccp-props=\"{&quot;201341983&quot;:0,&quot;335551550&quot;:2,&quot;335551620&quot;:2,&quot;335559739&quot;:0,&quot;335559740&quot;:240}\">(d.firmowska@sosw3.bydgoszcz.pl)<\/span><\/p>\t\t\t\t\t\t<\/div>\n\t\t\t\t<\/div>\n\t\t\t\t<div class=\"elementor-element elementor-element-b599a3b elementor-widget elementor-widget-spacer\" data-id=\"b599a3b\" data-element_type=\"widget\" data-widget_type=\"spacer.default\">\n\t\t\t\t<div class=\"elementor-widget-container\">\n\t\t\t\t\t<div class=\"elementor-spacer\">\n\t\t\t<div class=\"elementor-spacer-inner\"><\/div>\n\t\t<\/div>\n\t\t\t\t<\/div>\n\t\t\t\t<\/div>\n\t\t\t\t<div class=\"elementor-element elementor-element-4f17016 elementor-widget elementor-widget-text-editor\" data-id=\"4f17016\" data-element_type=\"widget\" data-widget_type=\"text-editor.default\">\n\t\t\t\t<div class=\"elementor-widget-container\">\n\t\t\t\t\t\t\t<p>Je\u015bli nie wiesz z kim masz si\u0119 skontaktowa\u0107, prosimy o skorzystanie z formularza.<\/p>\t\t\t\t\t\t<\/div>\n\t\t\t\t<\/div>\n\t\t\t\t\t<\/div>\n\t\t<\/div>\n\t\t\t\t<div class=\"elementor-column elementor-col-50 elementor-inner-column elementor-element elementor-element-ed002de\" data-id=\"ed002de\" data-element_type=\"column\">\n\t\t\t<div class=\"elementor-widget-wrap elementor-element-populated\">\n\t\t\t\t\t\t\t\t<div class=\"elementor-element elementor-element-e6e4d90 elementor-position-left elementor-vertical-align-top elementor-widget elementor-widget-image-box\" data-id=\"e6e4d90\" data-element_type=\"widget\" data-widget_type=\"image-box.default\">\n\t\t\t\t<div class=\"elementor-widget-container\">\n\t\t\t<style>\/*! elementor - v3.11.2 - 22-02-2023 *\/\n.elementor-widget-image-box .elementor-image-box-content{width:100%}@media (min-width:768px){.elementor-widget-image-box.elementor-position-left .elementor-image-box-wrapper,.elementor-widget-image-box.elementor-position-right .elementor-image-box-wrapper{display:flex}.elementor-widget-image-box.elementor-position-right .elementor-image-box-wrapper{text-align:right;flex-direction:row-reverse}.elementor-widget-image-box.elementor-position-left .elementor-image-box-wrapper{text-align:left;flex-direction:row}.elementor-widget-image-box.elementor-position-top .elementor-image-box-img{margin:auto}.elementor-widget-image-box.elementor-vertical-align-top .elementor-image-box-wrapper{align-items:flex-start}.elementor-widget-image-box.elementor-vertical-align-middle .elementor-image-box-wrapper{align-items:center}.elementor-widget-image-box.elementor-vertical-align-bottom .elementor-image-box-wrapper{align-items:flex-end}}@media (max-width:767px){.elementor-widget-image-box .elementor-image-box-img{margin-left:auto!important;margin-right:auto!important;margin-bottom:15px}}.elementor-widget-image-box .elementor-image-box-img{display:inline-block}.elementor-widget-image-box .elementor-image-box-title a{color:inherit}.elementor-widget-image-box .elementor-image-box-wrapper{text-align:center}.elementor-widget-image-box .elementor-image-box-description{margin:0}<\/style><div class=\"elementor-image-box-wrapper\"><figure class=\"elementor-image-box-img\"><img decoding=\"async\" width=\"206\" height=\"153\" src=\"https:\/\/www.scwew.bydgoszcz.pl\/wp-content\/uploads\/2025\/10\/Obraz1.png\" class=\"attachment-2048x2048 size-2048x2048 wp-image-1410\" alt=\"\" loading=\"lazy\" \/><\/figure><div class=\"elementor-image-box-content\"><h3 class=\"elementor-image-box-title\">ul. Graniczna 12, &nbsp; 85-201 Bydgoszcz<\/h3><p class=\"elementor-image-box-description\"><b>Dy\u017cury konsultacyjne SCWEW<\/b>\n<p>Lider Aleksandra Kotecka:tel.  691 380 377<\/p>\n<p>Ekspert ds. edukacji w\u0142\u0105czaj\u0105cej Jolanta Wierzbi\u0144ska: wtorek 15.30 - 17.30, tel. 692 525 305<\/p>\n<p>Specjalista  ds. pedagogiki specjalnej Anna Bonis\u0142awska: czwartek 15.30 -17.30, tel. 668 695 092<\/p><\/p><\/div><\/div>\t\t<\/div>\n\t\t\t\t<\/div>\n\t\t\t\t<div class=\"elementor-element elementor-element-3771866 elementor-widget elementor-widget-wp-widget-wpforms-widget\" data-id=\"3771866\" data-element_type=\"widget\" data-widget_type=\"wp-widget-wpforms-widget.default\">\n\t\t\t\t<div class=\"elementor-widget-container\">\n\t\t\t<h5>Formularz kontaktowy:<\/h5><div class=\"wpforms-container wpforms-container-full\" id=\"wpforms-1208\"><form id=\"wpforms-form-1208\" class=\"wpforms-validate wpforms-form wpforms-ajax-form\" data-formid=\"1208\" method=\"post\" enctype=\"multipart\/form-data\" action=\"\/index.php\/wp-json\/wp\/v2\/pages\/561\" data-token=\"b186c9c9d50f440a305e24ebe4d92916\"><noscript class=\"wpforms-error-noscript\">Aby wype\u0142ni\u0107 ten formularz, w\u0142\u0105cz obs\u0142ug\u0119 JavaScript w przegl\u0105darce.<\/noscript><div class=\"wpforms-field-container\"><div id=\"wpforms-1208-field_0-container\" class=\"wpforms-field wpforms-field-name\" data-field-id=\"0\"><label class=\"wpforms-field-label\" for=\"wpforms-1208-field_0\">Imi\u0119 i nazwisko \/ Nazwa instytucji <span class=\"wpforms-required-label\">*<\/span><\/label><input type=\"text\" id=\"wpforms-1208-field_0\" class=\"wpforms-field-medium wpforms-field-required\" name=\"wpforms[fields][0]\" required><\/div><div id=\"wpforms-1208-field_1-container\" class=\"wpforms-field wpforms-field-email\" data-field-id=\"1\"><label class=\"wpforms-field-label\" for=\"wpforms-1208-field_1\">E-mail <span class=\"wpforms-required-label\">*<\/span><\/label><input type=\"email\" id=\"wpforms-1208-field_1\" class=\"wpforms-field-medium wpforms-field-required\" name=\"wpforms[fields][1]\" required><\/div><div id=\"wpforms-1208-field_2-container\" class=\"wpforms-field wpforms-field-textarea\" data-field-id=\"2\"><label class=\"wpforms-field-label\" for=\"wpforms-1208-field_2\">Wiadomo\u015b\u0107<\/label><textarea id=\"wpforms-1208-field_2\" class=\"wpforms-field-medium\" name=\"wpforms[fields][2]\" ><\/textarea><\/div><\/div><div class=\"wpforms-recaptcha-container wpforms-is-recaptcha\"><div class=\"g-recaptcha\" data-sitekey=\"6LcUShAlAAAAAEfR_Dw3pUNc09ERLpc6Gryksy1s\"><\/div><input type=\"text\" name=\"g-recaptcha-hidden\" class=\"wpforms-recaptcha-hidden\" style=\"position:absolute!important;clip:rect(0,0,0,0)!important;height:1px!important;width:1px!important;border:0!important;overflow:hidden!important;padding:0!important;margin:0!important;\" required><\/div><div class=\"wpforms-submit-container\"><input type=\"hidden\" name=\"wpforms[id]\" value=\"1208\"><input type=\"hidden\" name=\"wpforms[author]\" value=\"1\"><button type=\"submit\" name=\"wpforms[submit]\" id=\"wpforms-submit-1208\" class=\"wpforms-submit\" data-alt-text=\"Wysy\u0142anie...\" data-submit-text=\"Prze\u015blij\" aria-live=\"assertive\" value=\"wpforms-submit\">Prze\u015blij<\/button><img decoding=\"async\" loading=\"lazy\" src=\"https:\/\/www.scwew.bydgoszcz.pl\/wp-content\/plugins\/wpforms-lite\/assets\/images\/submit-spin.svg\" class=\"wpforms-submit-spinner\" style=\"display: none;\" width=\"26\" height=\"26\" alt=\"Wczytywanie\"><\/div><\/form><\/div>  <!-- .wpforms-container -->\t\t<\/div>\n\t\t\t\t<\/div>\n\t\t\t\t\t<\/div>\n\t\t<\/div>\n\t\t\t\t\t\t\t<\/div>\n\t\t<\/section>\n\t\t\t\t<div class=\"elementor-element elementor-element-3cc64e8 elementor-widget elementor-widget-spacer\" data-id=\"3cc64e8\" data-element_type=\"widget\" data-widget_type=\"spacer.default\">\n\t\t\t\t<div class=\"elementor-widget-container\">\n\t\t\t\t\t<div class=\"elementor-spacer\">\n\t\t\t<div class=\"elementor-spacer-inner\"><\/div>\n\t\t<\/div>\n\t\t\t\t<\/div>\n\t\t\t\t<\/div>\n\t\t\t\t\t<\/div>\n\t\t<\/div>\n\t\t\t\t\t\t\t<\/div>\n\t\t<\/section>\n\t\t\t\t<section class=\"elementor-section elementor-top-section elementor-element elementor-element-a3fb7b0 elementor-section-boxed elementor-section-height-default elementor-section-height-default\" data-id=\"a3fb7b0\" data-element_type=\"section\">\n\t\t\t\t\t\t<div class=\"elementor-container elementor-column-gap-default\">\n\t\t\t\t\t<div class=\"elementor-column elementor-col-100 elementor-top-column elementor-element elementor-element-f8b188c\" data-id=\"f8b188c\" data-element_type=\"column\">\n\t\t\t<div class=\"elementor-widget-wrap\">\n\t\t\t\t\t\t\t\t\t<\/div>\n\t\t<\/div>\n\t\t\t\t\t\t\t<\/div>\n\t\t<\/section>\n\t\t\t\t<section class=\"elementor-section elementor-top-section elementor-element elementor-element-f0693e3 elementor-section-boxed elementor-section-height-default elementor-section-height-default\" data-id=\"f0693e3\" data-element_type=\"section\">\n\t\t\t\t\t\t<div class=\"elementor-container elementor-column-gap-default\">\n\t\t\t\t\t<div class=\"elementor-column elementor-col-100 elementor-top-column elementor-element elementor-element-276eeaa\" data-id=\"276eeaa\" data-element_type=\"column\">\n\t\t\t<div class=\"elementor-widget-wrap elementor-element-populated\">\n\t\t\t\t\t\t\t\t<div class=\"elementor-element elementor-element-770376e elementor-widget elementor-widget-image\" data-id=\"770376e\" data-element_type=\"widget\" data-widget_type=\"image.default\">\n\t\t\t\t<div class=\"elementor-widget-container\">\n\t\t\t\t\t\t\t\t\t\t\t\t\t\t\t<img decoding=\"async\" width=\"800\" height=\"111\" src=\"https:\/\/www.scwew.bydgoszcz.pl\/wp-content\/uploads\/2026\/04\/IMG-20260211-WA0000.jpg\" class=\"attachment-large size-large wp-image-2290\" alt=\"\" loading=\"lazy\" srcset=\"https:\/\/www.scwew.bydgoszcz.pl\/wp-content\/uploads\/2026\/04\/IMG-20260211-WA0000.jpg 1024w, https:\/\/www.scwew.bydgoszcz.pl\/wp-content\/uploads\/2026\/04\/IMG-20260211-WA0000-300x42.jpg 300w, https:\/\/www.scwew.bydgoszcz.pl\/wp-content\/uploads\/2026\/04\/IMG-20260211-WA0000-768x107.jpg 768w\" sizes=\"(max-width: 800px) 100vw, 800px\" \/>\t\t\t\t\t\t\t\t\t\t\t\t\t\t\t<\/div>\n\t\t\t\t<\/div>\n\t\t\t\t\t<\/div>\n\t\t<\/div>\n\t\t\t\t\t\t\t<\/div>\n\t\t<\/section>\n\t\t\t\t\t\t\t<\/div>\n\t\t","protected":false},"excerpt":{"rendered":"<p>Kontakt z SCWEW Bydgoszcz: Dane kontaktowe: Aleksandra Kotecka \u2013 lider zespo\u0142u (a.kotecka@sosw3.bydgoszcz.pl)\u00a0 Jolanta Wierzbi\u0144ska \u2013 ekspert ds. edukacji w\u0142\u0105czaj\u0105cej (j.wierzbinska@sosw3.bydgoszcz.pl) Anna Bonis\u0142awska \u2013 specjalista ds. edukacji w\u0142\u0105czaj\u0105cej (a.bonislawska@sosw3.bydgoszcz.pl) Krzysztof Nowaczyk \u2013 ekspert ds. informacji i ewaluacji (k.nowaczyk@sosw3.bydgoszcz.pl) Dorota Firmowska \u2013 ekspert ds. technologii wspomagaj\u0105cych\u00a0(d.firmowska@sosw3.bydgoszcz.pl) Je\u015bli nie wiesz z kim masz si\u0119 skontaktowa\u0107, prosimy o skorzystanie [&hellip;]<\/p>\n","protected":false},"author":1,"featured_media":0,"parent":0,"menu_order":0,"comment_status":"closed","ping_status":"closed","template":"","meta":[],"_links":{"self":[{"href":"https:\/\/www.scwew.bydgoszcz.pl\/index.php\/wp-json\/wp\/v2\/pages\/561"}],"collection":[{"href":"https:\/\/www.scwew.bydgoszcz.pl\/index.php\/wp-json\/wp\/v2\/pages"}],"about":[{"href":"https:\/\/www.scwew.bydgoszcz.pl\/index.php\/wp-json\/wp\/v2\/types\/page"}],"author":[{"embeddable":true,"href":"https:\/\/www.scwew.bydgoszcz.pl\/index.php\/wp-json\/wp\/v2\/users\/1"}],"replies":[{"embeddable":true,"href":"https:\/\/www.scwew.bydgoszcz.pl\/index.php\/wp-json\/wp\/v2\/comments?post=561"}],"version-history":[{"count":67,"href":"https:\/\/www.scwew.bydgoszcz.pl\/index.php\/wp-json\/wp\/v2\/pages\/561\/revisions"}],"predecessor-version":[{"id":2332,"href":"https:\/\/www.scwew.bydgoszcz.pl\/index.php\/wp-json\/wp\/v2\/pages\/561\/revisions\/2332"}],"wp:attachment":[{"href":"https:\/\/www.scwew.bydgoszcz.pl\/index.php\/wp-json\/wp\/v2\/media?parent=561"}],"curies":[{"name":"wp","href":"https:\/\/api.w.org\/{rel}","templated":true}]}}